{"id":3764,"date":"2021-11-22T04:28:15","date_gmt":"2021-11-22T07:28:15","guid":{"rendered":"https:\/\/muaythai.fightness.com.br\/criciuma\/testimonials\/"},"modified":"2025-04-23T17:39:23","modified_gmt":"2025-04-23T20:39:23","slug":"depoimentos","status":"publish","type":"page","link":"https:\/\/muaythai.fightness.com.br\/criciuma\/depoimentos\/","title":{"rendered":"Depoimentos"},"content":{"rendered":"\t\t<div data-elementor-type=\"wp-page\" data-elementor-id=\"3764\" class=\"elementor elementor-3764\">\n\t\t\t\t\t\t<section class=\"elementor-section elementor-top-section elementor-element elementor-element-e53fc25 elementor-section-boxed elementor-section-height-default elementor-section-height-default\" data-id=\"e53fc25\" data-element_type=\"section\" data-settings=\"{&quot;background_background&quot;:&quot;classic&quot;}\">\n\t\t\t\t\t\t<div class=\"elementor-container elementor-column-gap-default\">\n\t\t\t\t\t<div class=\"elementor-column elementor-col-100 elementor-top-column elementor-element elementor-element-7a82c49\" data-id=\"7a82c49\" data-element_type=\"column\">\n\t\t\t<div class=\"elementor-widget-wrap elementor-element-populated\">\n\t\t\t\t\t\t<div class=\"elementor-element elementor-element-b493465 elementor-widget elementor-widget-heading\" data-id=\"b493465\" data-element_type=\"widget\" data-widget_type=\"heading.default\">\n\t\t\t\t<div class=\"elementor-widget-container\">\n\t\t\t\t\t<h1 class=\"elementor-heading-title elementor-size-default\">Depoimentos<\/h1>\t\t\t\t<\/div>\n\t\t\t\t<\/div>\n\t\t\t\t<div class=\"elementor-element elementor-element-dca4142 elementor-widget elementor-widget-text-editor\" data-id=\"dca4142\" data-element_type=\"widget\" data-widget_type=\"text-editor.default\">\n\t\t\t\t<div class=\"elementor-widget-container\">\n\t\t\t\t\t\t\t\t\t<p>Depoimento de alguns alunos, Fightness Ct Vieira.<\/p>\t\t\t\t\t\t\t\t<\/div>\n\t\t\t\t<\/div>\n\t\t\t\t\t<\/div>\n\t\t<\/div>\n\t\t\t\t\t<\/div>\n\t\t<\/section>\n\t\t\t\t<section class=\"elementor-section elementor-top-section elementor-element elementor-element-47bdd28 elementor-section-boxed elementor-section-height-default elementor-section-height-default\" data-id=\"47bdd28\" data-element_type=\"section\">\n\t\t\t\t\t\t<div class=\"elementor-container elementor-column-gap-default\">\n\t\t\t\t\t<div class=\"elementor-column elementor-col-100 elementor-top-column elementor-element elementor-element-4576272\" data-id=\"4576272\" data-element_type=\"column\">\n\t\t\t<div class=\"elementor-widget-wrap elementor-element-populated\">\n\t\t\t\t\t\t<section class=\"elementor-section elementor-inner-section elementor-element elementor-element-d5ac6da elementor-section-full_width elementor-section-height-default elementor-section-height-default\" data-id=\"d5ac6da\" data-element_type=\"section\">\n\t\t\t\t\t\t<div class=\"elementor-container elementor-column-gap-default\">\n\t\t\t\t\t<div class=\"elementor-column elementor-col-50 elementor-inner-column elementor-element elementor-element-92d8780\" data-id=\"92d8780\" data-element_type=\"column\">\n\t\t\t<div class=\"elementor-widget-wrap elementor-element-populated\">\n\t\t\t\t\t\t<div class=\"elementor-element elementor-element-ae6513e elementor-widget elementor-widget-meafe-testimonial\" data-id=\"ae6513e\" data-element_type=\"widget\" data-widget_type=\"meafe-testimonial.default\">\n\t\t\t\t<div class=\"elementor-widget-container\">\n\t\t\t\t\t        <div class=\"meafe-testimonial-main layout-3 left-aligned-content\">\n            <div class=\"meafe-testimonial-inner-wrap position-left\">\n                <div class=\"meafe-testimonial-wrap\">\n                                                                <div class=\"meafe-testimonial-desc-wrap\">\n                            <div class=\"meafe-testimonial-desc-inner\">\n                                                                                                \n                                                                    <div class=\"meafe-testimonial-content\">\n                                        <p>Minha vida melhorou significativamente depois que iniciei o Muay Thay, juntamente com o Thay Fit consegui perder 16 kg que achava imposs\u00edvel perder, isso tudo em 2 meses de projeto. Mais isso gra\u00e7as ao incentivo e apoio do professor Will que n\u00e3o media esforcos para n\u00f3s motivar cada dia mais, s\u00f3 tenho a agradecer tudo que ele fez em minha vida, que Deus continue te dando for\u00e7as para mudar a vida de muitas pessoas. Valeu professor \ud83d\ude4f\ud83d\ude4f<\/p>                                    <\/div>\n                                                                                                                                    <div class=\"meafe-testimonial-designation-wrap\">\n                                                                                    <div class=\"meafe-testimonial-reviewer-thumb\">\n                                                <img decoding=\"async\" width=\"150\" height=\"150\" src=\"https:\/\/muaythai.fightness.com.br\/criciuma\/wp-content\/uploads\/2023\/03\/baixados-150x150.png\" class=\"attachment-thumbnail size-thumbnail\" alt=\"\" srcset=\"https:\/\/muaythai.fightness.com.br\/criciuma\/wp-content\/uploads\/2023\/03\/baixados-150x150.png 150w, https:\/\/muaythai.fightness.com.br\/criciuma\/wp-content\/uploads\/2023\/03\/baixados.png 166w\" sizes=\"(max-width: 150px) 100vw, 150px\" \/>                                            <\/div>\n                                                                                <div class=\"meafe-testimonial-design-only-wrap\">\n                                                                                                                    <div class=\"meafe-testimonial-reviewer-name\">Murilo Capela<\/div>\n                                                                                                                            <div class=\"meafe-testimonial-reviewer-title\">instagram @murilo.capela<\/div>\n                                                                                                                <\/div>\n                                    <\/div>\n                                                            <\/div>\n                        <\/div>\n                                    <\/div>\n            <\/div>\n        <\/div>\n        \t\t\t\t<\/div>\n\t\t\t\t<\/div>\n\t\t\t\t\t<\/div>\n\t\t<\/div>\n\t\t\t\t<div class=\"elementor-column elementor-col-50 elementor-inner-column elementor-element elementor-element-fa155fd\" data-id=\"fa155fd\" data-element_type=\"column\">\n\t\t\t<div class=\"elementor-widget-wrap elementor-element-populated\">\n\t\t\t\t\t\t<div class=\"elementor-element elementor-element-8248d78 elementor-widget elementor-widget-meafe-testimonial\" data-id=\"8248d78\" data-element_type=\"widget\" data-widget_type=\"meafe-testimonial.default\">\n\t\t\t\t<div class=\"elementor-widget-container\">\n\t\t\t\t\t        <div class=\"meafe-testimonial-main layout-3 left-aligned-content\">\n            <div class=\"meafe-testimonial-inner-wrap position-left\">\n                <div class=\"meafe-testimonial-wrap\">\n                                                                <div class=\"meafe-testimonial-desc-wrap\">\n                            <div class=\"meafe-testimonial-desc-inner\">\n                                                                                                \n                                                                    <div class=\"meafe-testimonial-content\">\n                                        <p>O muaythai tem sido uma das melhores escolhas que eu tenha feito nos \u00faltimos tempos...Depois que comecei a treinar minha disposi\u00e7\u00e3o para executar qualquer atividade ficou bem melhor,o que antes me fazia cansar facilmente hoje tenho resist\u00eancia para realizar!! Recomendo a todos que tem desejo de mudar seus h\u00e1bitos, e aumentar sua qualidade de vida!!! A cada treino tenho cada vez mais certeza de que fiz a escolha certa!!!!!!<\/p>                                    <\/div>\n                                                                                                                                    <div class=\"meafe-testimonial-designation-wrap\">\n                                                                                    <div class=\"meafe-testimonial-reviewer-thumb\">\n                                                <img decoding=\"async\" width=\"150\" height=\"150\" src=\"https:\/\/muaythai.fightness.com.br\/criciuma\/wp-content\/uploads\/2023\/03\/334810701_522806033113463_1195302558546582428_n-150x150.jpg\" class=\"attachment-thumbnail size-thumbnail\" alt=\"\" \/>                                            <\/div>\n                                                                                <div class=\"meafe-testimonial-design-only-wrap\">\n                                                                                                                    <div class=\"meafe-testimonial-reviewer-name\">Ana Cristina Giassi<\/div>\n                                                                                                                            <div class=\"meafe-testimonial-reviewer-title\">Instagram @cris.giassi<\/div>\n                                                                                                                <\/div>\n                                    <\/div>\n                                                            <\/div>\n                        <\/div>\n                                    <\/div>\n            <\/div>\n        <\/div>\n        \t\t\t\t<\/div>\n\t\t\t\t<\/div>\n\t\t\t\t\t<\/div>\n\t\t<\/div>\n\t\t\t\t\t<\/div>\n\t\t<\/section>\n\t\t\t\t<section class=\"elementor-section elementor-inner-section elementor-element elementor-element-f73b2b1 elementor-section-full_width elementor-section-height-default elementor-section-height-default\" data-id=\"f73b2b1\" data-element_type=\"section\">\n\t\t\t\t\t\t<div class=\"elementor-container elementor-column-gap-default\">\n\t\t\t\t\t<div class=\"elementor-column elementor-col-50 elementor-inner-column elementor-element elementor-element-9fd673d\" data-id=\"9fd673d\" data-element_type=\"column\">\n\t\t\t<div class=\"elementor-widget-wrap elementor-element-populated\">\n\t\t\t\t\t\t<div class=\"elementor-element elementor-element-06d62ed elementor-widget elementor-widget-meafe-testimonial\" data-id=\"06d62ed\" data-element_type=\"widget\" data-widget_type=\"meafe-testimonial.default\">\n\t\t\t\t<div class=\"elementor-widget-container\">\n\t\t\t\t\t        <div class=\"meafe-testimonial-main layout-3 left-aligned-content\">\n            <div class=\"meafe-testimonial-inner-wrap position-left\">\n                <div class=\"meafe-testimonial-wrap\">\n                                                                <div class=\"meafe-testimonial-desc-wrap\">\n                            <div class=\"meafe-testimonial-desc-inner\">\n                                                                                                \n                                                                    <div class=\"meafe-testimonial-content\">\n                                        <p>Est\u00e1 me ajudando muito na minha sa\u00fade coluna vertebral tinha muitas dores e atrav\u00e9s do muay Thay conseguir diminuir muito as dores, Disposi\u00e7\u00e3o melhor tanto no trabalho como no dia a dia.<br \/>S\u00f3 tenho a agradecer pelo \u00f3timo trabalho da CT Tem Vieira<\/p>                                    <\/div>\n                                                                                                                                    <div class=\"meafe-testimonial-designation-wrap\">\n                                                                                    <div class=\"meafe-testimonial-reviewer-thumb\">\n                                                <img decoding=\"async\" width=\"150\" height=\"150\" src=\"https:\/\/muaythai.fightness.com.br\/criciuma\/wp-content\/uploads\/2023\/03\/315420158_444475940979777_3067665214095776404_n-150x150.jpg\" class=\"attachment-thumbnail size-thumbnail\" alt=\"\" \/>                                            <\/div>\n                                                                                <div class=\"meafe-testimonial-design-only-wrap\">\n                                                                                                                    <div class=\"meafe-testimonial-reviewer-name\">Cleisson Roque<\/div>\n                                                                                                                            <div class=\"meafe-testimonial-reviewer-title\">instagram @cleissom.s.roque<\/div>\n                                                                                                                <\/div>\n                                    <\/div>\n                                                            <\/div>\n                        <\/div>\n                                    <\/div>\n            <\/div>\n        <\/div>\n        \t\t\t\t<\/div>\n\t\t\t\t<\/div>\n\t\t\t\t\t<\/div>\n\t\t<\/div>\n\t\t\t\t<div class=\"elementor-column elementor-col-50 elementor-inner-column elementor-element elementor-element-5e0a438\" data-id=\"5e0a438\" data-element_type=\"column\">\n\t\t\t<div class=\"elementor-widget-wrap elementor-element-populated\">\n\t\t\t\t\t\t<div class=\"elementor-element elementor-element-81e7d5f elementor-widget elementor-widget-meafe-testimonial\" data-id=\"81e7d5f\" data-element_type=\"widget\" data-widget_type=\"meafe-testimonial.default\">\n\t\t\t\t<div class=\"elementor-widget-container\">\n\t\t\t\t\t        <div class=\"meafe-testimonial-main layout-3 left-aligned-content\">\n            <div class=\"meafe-testimonial-inner-wrap position-left\">\n                <div class=\"meafe-testimonial-wrap\">\n                                                                <div class=\"meafe-testimonial-desc-wrap\">\n                            <div class=\"meafe-testimonial-desc-inner\">\n                                                                                                \n                                                                    <div class=\"meafe-testimonial-content\">\n                                        <p>Estou na Team Vieira desde o in\u00edcio das atividades, gosto muito dos treinos, participei do projeto thai hfit e nem eu esperava o resultado que obtive, consegui emagrecer 7kg em 60 dias e melhorar muito o condicionamento f\u00edsico. Recomendo a todos.<\/p>                                    <\/div>\n                                                                                                                                    <div class=\"meafe-testimonial-designation-wrap\">\n                                                                                    <div class=\"meafe-testimonial-reviewer-thumb\">\n                                                <img decoding=\"async\" width=\"150\" height=\"150\" src=\"https:\/\/muaythai.fightness.com.br\/criciuma\/wp-content\/uploads\/2023\/03\/baixados-150x150.png\" class=\"attachment-thumbnail size-thumbnail\" alt=\"\" srcset=\"https:\/\/muaythai.fightness.com.br\/criciuma\/wp-content\/uploads\/2023\/03\/baixados-150x150.png 150w, https:\/\/muaythai.fightness.com.br\/criciuma\/wp-content\/uploads\/2023\/03\/baixados.png 166w\" sizes=\"(max-width: 150px) 100vw, 150px\" \/>                                            <\/div>\n                                                                                <div class=\"meafe-testimonial-design-only-wrap\">\n                                                                                                                    <div class=\"meafe-testimonial-reviewer-name\">Maicol Z Fleipe<\/div>\n                                                                                                                            <div class=\"meafe-testimonial-reviewer-title\">instagram. @maicolfelippe<\/div>\n                                                                                                                <\/div>\n                                    <\/div>\n                                                            <\/div>\n                        <\/div>\n                                    <\/div>\n            <\/div>\n        <\/div>\n        \t\t\t\t<\/div>\n\t\t\t\t<\/div>\n\t\t\t\t\t<\/div>\n\t\t<\/div>\n\t\t\t\t\t<\/div>\n\t\t<\/section>\n\t\t\t\t<section class=\"elementor-section elementor-inner-section elementor-element elementor-element-7fde951 elementor-section-full_width elementor-section-height-default elementor-section-height-default\" data-id=\"7fde951\" data-element_type=\"section\">\n\t\t\t\t\t\t<div class=\"elementor-container elementor-column-gap-default\">\n\t\t\t\t\t<div class=\"elementor-column elementor-col-50 elementor-inner-column elementor-element elementor-element-49345f3\" data-id=\"49345f3\" data-element_type=\"column\">\n\t\t\t<div class=\"elementor-widget-wrap elementor-element-populated\">\n\t\t\t\t\t\t<div class=\"elementor-element elementor-element-7ae1849 elementor-widget elementor-widget-meafe-testimonial\" data-id=\"7ae1849\" data-element_type=\"widget\" data-widget_type=\"meafe-testimonial.default\">\n\t\t\t\t<div class=\"elementor-widget-container\">\n\t\t\t\t\t        <div class=\"meafe-testimonial-main layout-3 left-aligned-content\">\n            <div class=\"meafe-testimonial-inner-wrap position-left\">\n                <div class=\"meafe-testimonial-wrap\">\n                                                                <div class=\"meafe-testimonial-desc-wrap\">\n                            <div class=\"meafe-testimonial-desc-inner\">\n                                                                                                \n                                                                    <div class=\"meafe-testimonial-content\">\n                                        <p>Minha vida mudou no momento em que conheci o Muay Thai e o CT Team Vieira. Eu mudei fisicamente, mentalmente, em n\u00edveis em que nunca imaginei mudar, tudo por ter conhecido e obtido acesso a academia do Will e seus ensinamentos. Recentemente com o HFit, outro programa da academia, emagreci 8kg e perdi 7% de gordura corporal, e estes n\u00fameros sendo apenas os mais expressivos, junto vieram muitos outros benef\u00edcios como melhoria da auto estima, mais confian\u00e7a, felicidade, sa\u00fade e etc.<\/p>                                    <\/div>\n                                                                                                                                    <div class=\"meafe-testimonial-designation-wrap\">\n                                                                                    <div class=\"meafe-testimonial-reviewer-thumb\">\n                                                <img decoding=\"async\" width=\"150\" height=\"150\" src=\"https:\/\/muaythai.fightness.com.br\/criciuma\/wp-content\/uploads\/2023\/03\/baixados-150x150.png\" class=\"attachment-thumbnail size-thumbnail\" alt=\"\" srcset=\"https:\/\/muaythai.fightness.com.br\/criciuma\/wp-content\/uploads\/2023\/03\/baixados-150x150.png 150w, https:\/\/muaythai.fightness.com.br\/criciuma\/wp-content\/uploads\/2023\/03\/baixados.png 166w\" sizes=\"(max-width: 150px) 100vw, 150px\" \/>                                            <\/div>\n                                                                                <div class=\"meafe-testimonial-design-only-wrap\">\n                                                                                                                    <div class=\"meafe-testimonial-reviewer-name\">Gustavo C lopes<\/div>\n                                                                                                                            <div class=\"meafe-testimonial-reviewer-title\">instagram @ggustavocl<\/div>\n                                                                                                                <\/div>\n                                    <\/div>\n                                                            <\/div>\n                        <\/div>\n                                    <\/div>\n            <\/div>\n        <\/div>\n        \t\t\t\t<\/div>\n\t\t\t\t<\/div>\n\t\t\t\t\t<\/div>\n\t\t<\/div>\n\t\t\t\t<div class=\"elementor-column elementor-col-50 elementor-inner-column elementor-element elementor-element-96cc814\" data-id=\"96cc814\" data-element_type=\"column\">\n\t\t\t<div class=\"elementor-widget-wrap elementor-element-populated\">\n\t\t\t\t\t\t<div class=\"elementor-element elementor-element-4ed00d4 elementor-widget elementor-widget-meafe-testimonial\" data-id=\"4ed00d4\" data-element_type=\"widget\" data-widget_type=\"meafe-testimonial.default\">\n\t\t\t\t<div class=\"elementor-widget-container\">\n\t\t\t\t\t        <div class=\"meafe-testimonial-main layout-3 left-aligned-content\">\n            <div class=\"meafe-testimonial-inner-wrap position-left\">\n                <div class=\"meafe-testimonial-wrap\">\n                                                        <\/div>\n            <\/div>\n        <\/div>\n        \t\t\t\t<\/div>\n\t\t\t\t<\/div>\n\t\t\t\t\t<\/div>\n\t\t<\/div>\n\t\t\t\t\t<\/div>\n\t\t<\/section>\n\t\t\t\t\t<\/div>\n\t\t<\/div>\n\t\t\t\t\t<\/div>\n\t\t<\/section>\n\t\t\t\t<section class=\"elementor-section elementor-top-section elementor-element elementor-element-566e330 elementor-section-boxed elementor-section-height-default elementor-section-height-default\" data-id=\"566e330\" data-element_type=\"section\" data-settings=\"{&quot;background_background&quot;:&quot;classic&quot;}\">\n\t\t\t\t\t\t<div class=\"elementor-container elementor-column-gap-default\">\n\t\t\t\t\t<div class=\"elementor-column elementor-col-100 elementor-top-column elementor-element elementor-element-58e1b52\" data-id=\"58e1b52\" data-element_type=\"column\">\n\t\t\t<div class=\"elementor-widget-wrap elementor-element-populated\">\n\t\t\t\t\t\t<div class=\"elementor-element elementor-element-56c75cb elementor-widget elementor-widget-heading\" data-id=\"56c75cb\" data-element_type=\"widget\" data-widget_type=\"heading.default\">\n\t\t\t\t<div class=\"elementor-widget-container\">\n\t\t\t\t\t<h2 class=\"elementor-heading-title elementor-size-default\">Voc\u00ea pode mudar sua vida por menos de 100R$ por <br>m\u00eas.<\/h2>\t\t\t\t<\/div>\n\t\t\t\t<\/div>\n\t\t\t\t<div class=\"elementor-element elementor-element-c067c79 elementor-widget elementor-widget-text-editor\" data-id=\"c067c79\" data-element_type=\"widget\" data-widget_type=\"text-editor.default\">\n\t\t\t\t<div class=\"elementor-widget-container\">\n\t\t\t\t\t\t\t\t\t<p>Venha fazer parte da Equipe.<\/p>\t\t\t\t\t\t\t\t<\/div>\n\t\t\t\t<\/div>\n\t\t\t\t<div class=\"elementor-element elementor-element-256e0f6 elementor-align-left elementor-widget elementor-widget-button\" data-id=\"256e0f6\" data-element_type=\"widget\" data-widget_type=\"button.default\">\n\t\t\t\t<div class=\"elementor-widget-container\">\n\t\t\t\t\t\t\t\t\t<div class=\"elementor-button-wrapper\">\n\t\t\t\t\t<a class=\"elementor-button elementor-button-link elementor-size-sm\" href=\"https:\/\/www.instagram.com\/ctteamvieira\/\">\n\t\t\t\t\t\t<span class=\"elementor-button-content-wrapper\">\n\t\t\t\t\t\t\t\t\t<span class=\"elementor-button-text\">Join now<\/span>\n\t\t\t\t\t<\/span>\n\t\t\t\t\t<\/a>\n\t\t\t\t<\/div>\n\t\t\t\t\t\t\t\t<\/div>\n\t\t\t\t<\/div>\n\t\t\t\t\t<\/div>\n\t\t<\/div>\n\t\t\t\t\t<\/div>\n\t\t<\/section>\n\t\t\t\t<\/div>\n\t\t","protected":false},"excerpt":{"rendered":"<p>Depoimentos Depoimento de alguns alunos, Fightness Ct Vieira. Minha vida melhorou significativamente depois que iniciei o Muay Thay, [&hellip;]<\/p>\n","protected":false},"author":1,"featured_media":0,"parent":0,"menu_order":0,"comment_status":"closed","ping_status":"closed","template":"elementor_header_footer","meta":{"footnotes":""},"class_list":["post-3764","page","type-page","status-publish","hentry","rishi-post","no-post-thumbnail"],"rishi__cb_customizer_meta":"","_links":{"self":[{"href":"https:\/\/muaythai.fightness.com.br\/criciuma\/wp-json\/wp\/v2\/pages\/3764","targetHints":{"allow":["GET"]}}],"collection":[{"href":"https:\/\/muaythai.fightness.com.br\/criciuma\/wp-json\/wp\/v2\/pages"}],"about":[{"href":"https:\/\/muaythai.fightness.com.br\/criciuma\/wp-json\/wp\/v2\/types\/page"}],"author":[{"embeddable":true,"href":"https:\/\/muaythai.fightness.com.br\/criciuma\/wp-json\/wp\/v2\/users\/1"}],"replies":[{"embeddable":true,"href":"https:\/\/muaythai.fightness.com.br\/criciuma\/wp-json\/wp\/v2\/comments?post=3764"}],"version-history":[{"count":34,"href":"https:\/\/muaythai.fightness.com.br\/criciuma\/wp-json\/wp\/v2\/pages\/3764\/revisions"}],"predecessor-version":[{"id":4127,"href":"https:\/\/muaythai.fightness.com.br\/criciuma\/wp-json\/wp\/v2\/pages\/3764\/revisions\/4127"}],"wp:attachment":[{"href":"https:\/\/muaythai.fightness.com.br\/criciuma\/wp-json\/wp\/v2\/media?parent=3764"}],"curies":[{"name":"wp","href":"https:\/\/api.w.org\/{rel}","templated":true}]}}